{"id":424,"date":"2024-12-06T10:00:39","date_gmt":"2024-12-06T10:00:39","guid":{"rendered":"https:\/\/makerox.com\/?page_id=424"},"modified":"2026-01-19T14:00:41","modified_gmt":"2026-01-19T14:00:41","slug":"about-us","status":"publish","type":"page","link":"https:\/\/makerox.com\/index.php\/about-us\/","title":{"rendered":"About Us"},"content":{"rendered":"\t\t<div data-elementor-type=\"wp-page\" data-elementor-id=\"424\" class=\"elementor elementor-424\" data-elementor-post-type=\"page\">\n\t\t\t\t<div class=\"elementor-element elementor-element-35a3482 e-con-full e-flex e-con e-parent\" data-id=\"35a3482\" data-element_type=\"container\" data-e-type=\"container\" data-settings=\"{&quot;background_background&quot;:&quot;classic&quot;,&quot;shape_divider_top&quot;:&quot;mountains&quot;}\">\n\t\t\t\t<div class=\"elementor-shape elementor-shape-top\" aria-hidden=\"true\" data-negative=\"false\">\n\t\t\t<svg xmlns=\"http:\/\/www.w3.org\/2000\/svg\" viewBox=\"0 0 1000 100\" preserveAspectRatio=\"none\">\n\t<path class=\"elementor-shape-fill\" opacity=\"0.33\" d=\"M473,67.3c-203.9,88.3-263.1-34-320.3,0C66,119.1,0,59.7,0,59.7V0h1000v59.7 c0,0-62.1,26.1-94.9,29.3c-32.8,3.3-62.8-12.3-75.8-22.1C806,49.6,745.3,8.7,694.9,4.7S492.4,59,473,67.3z\"\/>\n\t<path class=\"elementor-shape-fill\" opacity=\"0.66\" d=\"M734,67.3c-45.5,0-77.2-23.2-129.1-39.1c-28.6-8.7-150.3-10.1-254,39.1 s-91.7-34.4-149.2,0C115.7,118.3,0,39.8,0,39.8V0h1000v36.5c0,0-28.2-18.5-92.1-18.5C810.2,18.1,775.7,67.3,734,67.3z\"\/>\n\t<path class=\"elementor-shape-fill\" d=\"M766.1,28.9c-200-57.5-266,65.5-395.1,19.5C242,1.8,242,5.4,184.8,20.6C128,35.8,132.3,44.9,89.9,52.5C28.6,63.7,0,0,0,0 h1000c0,0-9.9,40.9-83.6,48.1S829.6,47,766.1,28.9z\"\/>\n<\/svg>\t\t<\/div>\n\t\t<div class=\"elementor-element elementor-element-8c72985 e-con-full e-flex e-con e-child\" data-id=\"8c72985\" data-element_type=\"container\" data-e-type=\"container\">\n\t\t<header class=\"elementor-element elementor-element-6f85947c e-con-full e-flex e-con e-child\" data-id=\"6f85947c\" data-element_type=\"container\" data-e-type=\"container\">\n\t\t\t\t<div class=\"elementor-element elementor-element-a4285dc elementor-widget elementor-widget-image\" data-id=\"a4285dc\" data-element_type=\"widget\" data-e-type=\"widget\" data-widget_type=\"image.default\">\n\t\t\t\t\t\t\t\t\t\t\t\t\t\t\t<img data-opt-id=1060771943  fetchpriority=\"high\" decoding=\"async\" src=\"https:\/\/ml1oqobyznlb.i.optimole.com\/cb:H95B.159\/w:auto\/h:auto\/q:mauto\/f:best\/ig:avif\/http:\/\/makerox.com\/wp-content\/uploads\/2025\/12\/logo-1.svg\" title=\"\" alt=\"\" loading=\"lazy\" \/>\t\t\t\t\t\t\t\t\t\t\t\t\t\t\t<\/div>\n\t\t\t\t<\/header>\n\t\t<div class=\"elementor-element elementor-element-7ddc1047 e-con-full e-flex e-con e-child\" data-id=\"7ddc1047\" data-element_type=\"container\" data-e-type=\"container\">\n\t\t<div class=\"elementor-element elementor-element-38332a4b e-con-full e-flex e-con e-child\" data-id=\"38332a4b\" data-element_type=\"container\" data-e-type=\"container\">\n\t\t\t\t<div class=\"elementor-element elementor-element-6b576108 elementor-widget elementor-widget-heading\" data-id=\"6b576108\" data-element_type=\"widget\" data-e-type=\"widget\" data-widget_type=\"heading.default\">\n\t\t\t\t\t<h1 class=\"elementor-heading-title elementor-size-default\">\u00c0 propos de nous<\/h1>\t\t\t\t<\/div>\n\t\t\t\t<div class=\"elementor-element elementor-element-397c4774 elementor-widget__width-initial elementor-widget elementor-widget-text-editor\" data-id=\"397c4774\" data-element_type=\"widget\" data-e-type=\"widget\" data-widget_type=\"text-editor.default\">\n\t\t\t\t\t\t\t\t\t<p data-start=\"185\" data-end=\"491\"><strong data-start=\"185\" data-end=\"196\">Makerox<\/strong> est une soci\u00e9t\u00e9 sp\u00e9cialis\u00e9e dans la <strong data-start=\"233\" data-end=\"260\">transformation digitale<\/strong> et les <strong data-start=\"268\" data-end=\"284\">solutions IT<\/strong> pour les entreprises et les startups.<br data-start=\"322\" data-end=\"325\" \/>Nous accompagnons nos clients dans la digitalisation de leurs processus gr\u00e2ce \u00e0 des solutions <strong data-start=\"419\" data-end=\"456\">innovantes, fiables et sur mesure<\/strong>, adapt\u00e9es \u00e0 leurs besoins m\u00e9tiers.<\/p><p data-start=\"493\" data-end=\"593\">Notre objectif est de faire de la technologie un <strong data-start=\"542\" data-end=\"592\">levier de performance et de croissance durable<\/strong>.<\/p>\t\t\t\t\t\t\t\t<\/div>\n\t\t\t\t<\/div>\n\t\t<div class=\"elementor-element elementor-element-4a20f955 e-con-full e-flex e-con e-child\" data-id=\"4a20f955\" data-element_type=\"container\" data-e-type=\"container\" data-settings=\"{&quot;background_background&quot;:&quot;classic&quot;}\">\n\t\t\t\t<div class=\"elementor-element elementor-element-5f8d0fee elementor-widget elementor-widget-image\" data-id=\"5f8d0fee\" data-element_type=\"widget\" data-e-type=\"widget\" data-widget_type=\"image.default\">\n\t\t\t\t\t\t\t\t\t\t\t\t\t\t\t<img data-opt-id=1760271253  fetchpriority=\"high\" decoding=\"async\" width=\"1081\" height=\"676\" src=\"https:\/\/ml1oqobyznlb.i.optimole.com\/cb:H95B.159\/w:auto\/h:auto\/q:mauto\/f:best\/https:\/\/makerox.com\/wp-content\/uploads\/2025\/12\/call-to-action2.jpg\" class=\"attachment-full size-full wp-image-2063\" alt=\"\" srcset=\"https:\/\/ml1oqobyznlb.i.optimole.com\/cb:H95B.159\/w:1081\/h:676\/q:mauto\/f:best\/https:\/\/makerox.com\/wp-content\/uploads\/2025\/12\/call-to-action2.jpg 1081w, https:\/\/ml1oqobyznlb.i.optimole.com\/cb:H95B.159\/w:300\/h:188\/q:mauto\/f:best\/https:\/\/makerox.com\/wp-content\/uploads\/2025\/12\/call-to-action2.jpg 300w, https:\/\/ml1oqobyznlb.i.optimole.com\/cb:H95B.159\/w:1024\/h:640\/q:mauto\/f:best\/https:\/\/makerox.com\/wp-content\/uploads\/2025\/12\/call-to-action2.jpg 1024w, https:\/\/ml1oqobyznlb.i.optimole.com\/cb:H95B.159\/w:768\/h:480\/q:mauto\/f:best\/https:\/\/makerox.com\/wp-content\/uploads\/2025\/12\/call-to-action2.jpg 768w, https:\/\/ml1oqobyznlb.i.optimole.com\/cb:H95B.159\/w:400\/h:250\/q:mauto\/f:best\/https:\/\/makerox.com\/wp-content\/uploads\/2025\/12\/call-to-action2.jpg 400w, https:\/\/ml1oqobyznlb.i.optimole.com\/cb:H95B.159\/w:980\/h:613\/q:mauto\/f:best\/https:\/\/makerox.com\/wp-content\/uploads\/2025\/12\/call-to-action2.jpg 980w, https:\/\/ml1oqobyznlb.i.optimole.com\/cb:H95B.159\/w:480\/h:300\/q:mauto\/f:best\/https:\/\/makerox.com\/wp-content\/uploads\/2025\/12\/call-to-action2.jpg 480w\" sizes=\"(max-width: 800px) 100vw, 800px\" \/>\t\t\t\t\t\t\t\t\t\t\t\t\t\t\t<\/div>\n\t\t\t\t<\/div>\n\t\t\t\t<\/div>\n\t\t<div class=\"elementor-element elementor-element-5fd34a94 e-con-full e-flex e-con e-child\" data-id=\"5fd34a94\" data-element_type=\"container\" data-e-type=\"container\">\n\t\t<div class=\"elementor-element elementor-element-395c3f43 e-con-full e-flex e-con e-child\" data-id=\"395c3f43\" data-element_type=\"container\" data-e-type=\"container\" data-settings=\"{&quot;background_background&quot;:&quot;classic&quot;}\">\n\t\t\t\t<div class=\"elementor-element elementor-element-451293aa elementor-widget elementor-widget-image\" data-id=\"451293aa\" data-element_type=\"widget\" data-e-type=\"widget\" data-widget_type=\"image.default\">\n\t\t\t\t\t\t\t\t\t\t\t\t\t\t\t<img data-opt-id=1072747612  decoding=\"async\" width=\"1463\" height=\"2560\" src=\"https:\/\/ml1oqobyznlb.i.optimole.com\/cb:H95B.159\/w:auto\/h:auto\/q:mauto\/f:best\/https:\/\/makerox.com\/wp-content\/uploads\/2025\/12\/un-algorithme-d-intelligence-artificielle-examine-les-donnees-financieres-pour-les-transactions-frauduleuses-scaled.jpg\" class=\"attachment-full size-full wp-image-2820\" alt=\"\" srcset=\"https:\/\/ml1oqobyznlb.i.optimole.com\/cb:H95B.159\/w:1463\/h:2560\/q:mauto\/f:best\/https:\/\/makerox.com\/wp-content\/uploads\/2025\/12\/un-algorithme-d-intelligence-artificielle-examine-les-donnees-financieres-pour-les-transactions-frauduleuses-scaled.jpg 1463w, https:\/\/ml1oqobyznlb.i.optimole.com\/cb:H95B.159\/w:171\/h:300\/q:mauto\/f:best\/https:\/\/makerox.com\/wp-content\/uploads\/2025\/12\/un-algorithme-d-intelligence-artificielle-examine-les-donnees-financieres-pour-les-transactions-frauduleuses-scaled.jpg 171w, https:\/\/ml1oqobyznlb.i.optimole.com\/cb:H95B.159\/w:585\/h:1024\/q:mauto\/f:best\/https:\/\/makerox.com\/wp-content\/uploads\/2025\/12\/un-algorithme-d-intelligence-artificielle-examine-les-donnees-financieres-pour-les-transactions-frauduleuses-scaled.jpg 585w, https:\/\/ml1oqobyznlb.i.optimole.com\/cb:H95B.159\/w:768\/h:1344\/q:mauto\/f:best\/https:\/\/makerox.com\/wp-content\/uploads\/2025\/12\/un-algorithme-d-intelligence-artificielle-examine-les-donnees-financieres-pour-les-transactions-frauduleuses-scaled.jpg 768w, https:\/\/ml1oqobyznlb.i.optimole.com\/cb:H95B.159\/w:878\/h:1536\/q:mauto\/f:best\/https:\/\/makerox.com\/wp-content\/uploads\/2025\/12\/un-algorithme-d-intelligence-artificielle-examine-les-donnees-financieres-pour-les-transactions-frauduleuses-scaled.jpg 878w, https:\/\/ml1oqobyznlb.i.optimole.com\/cb:H95B.159\/w:1170\/h:2048\/q:mauto\/f:best\/https:\/\/makerox.com\/wp-content\/uploads\/2025\/12\/un-algorithme-d-intelligence-artificielle-examine-les-donnees-financieres-pour-les-transactions-frauduleuses-scaled.jpg 1170w\" sizes=\"(max-width: 800px) 100vw, 800px\" \/>\t\t\t\t\t\t\t\t\t\t\t\t\t\t\t<\/div>\n\t\t\t\t<\/div>\n\t\t<div class=\"elementor-element elementor-element-3005b1f0 e-con-full e-flex e-con e-child\" data-id=\"3005b1f0\" data-element_type=\"container\" data-e-type=\"container\">\n\t\t\t\t<div class=\"elementor-element elementor-element-470f72b2 elementor-widget elementor-widget-heading\" data-id=\"470f72b2\" data-element_type=\"widget\" data-e-type=\"widget\" data-widget_type=\"heading.default\">\n\t\t\t\t\t<h2 class=\"elementor-heading-title elementor-size-default\">\ud83c\udfaf Notre mission<\/h2>\t\t\t\t<\/div>\n\t\t\t\t<div class=\"elementor-element elementor-element-704a2f2a elementor-widget__width-initial elementor-widget elementor-widget-text-editor\" data-id=\"704a2f2a\" data-element_type=\"widget\" data-e-type=\"widget\" data-widget_type=\"text-editor.default\">\n\t\t\t\t\t\t\t\t\t<p data-start=\"619\" data-end=\"786\">Notre mission est d\u2019accompagner les entreprises dans leur <strong data-start=\"677\" data-end=\"700\">transition digitale<\/strong> en concevant des solutions technologiques <strong data-start=\"743\" data-end=\"785\">performantes, s\u00e9curis\u00e9es et \u00e9volutives<\/strong>.<\/p><p data-start=\"788\" data-end=\"811\">Nous nous engageons \u00e0 :<\/p>\t\t\t\t\t\t\t\t<\/div>\n\t\t\t\t<div class=\"elementor-element elementor-element-7635201 elementor-widget__width-initial elementor-widget elementor-widget-tp-info-box\" data-id=\"7635201\" data-element_type=\"widget\" data-e-type=\"widget\" data-widget_type=\"tp-info-box.default\">\n\t\t\t\t\t<div id=\"info_box69d16ae0f26ab\" class=\"pt_plus_info_box  info_box69d16ae0f26ab info-box-style_3     \"  data-id=\"info_box69d16ae0f26ab\" ><div class=\"post-inner-loop \"><div class=\"info-box-inner content_hover_effect \"><div class=\"info-box-bg-box service-border-box \"><div class=\" info-box-content \"><div class=\"service-center\"><div class=\"info-icon-content\"><img decoding=async data-opt-id=1316162273  width=\"50\" height=\"51\" class=\"service-img tp-lazyload\" alt=\"\" data-tp-lazy=\"fade\" data-src=\"https:\/\/ml1oqobyznlb.i.optimole.com\/cb:H95B.159\/w:auto\/h:auto\/q:mauto\/f:best\/ig:avif\/https:\/\/makerox.com\/wp-content\/uploads\/2025\/12\/Meeting-Your-Emotional-Needs-1.svg\" \/><noscript><img data-opt-id=1316162273  loading=\"lazy\" decoding=\"async\" width=\"50\" height=\"51\" src=\"https:\/\/ml1oqobyznlb.i.optimole.com\/cb:H95B.159\/w:auto\/h:auto\/q:mauto\/f:best\/ig:avif\/https:\/\/makerox.com\/wp-content\/uploads\/2025\/12\/Meeting-Your-Emotional-Needs-1.svg\" class=\"service-img tp-lazyload\" alt=\"\" data-tp-lazy=\"fade\" \/><\/noscript><\/div><div class=\"service-border\"> <\/div><div class=\"service-desc\"> <p>Comprendre pr\u00e9cis\u00e9ment les besoins de nos clients<\/p> <\/div><\/div><\/div><div class=\"infobox-overlay-color\"><\/div><\/div><\/div><\/div><\/div>\t\t\t\t<\/div>\n\t\t\t\t<div class=\"elementor-element elementor-element-353e1fb elementor-widget__width-initial elementor-widget elementor-widget-tp-info-box\" data-id=\"353e1fb\" data-element_type=\"widget\" data-e-type=\"widget\" data-widget_type=\"tp-info-box.default\">\n\t\t\t\t\t<div id=\"info_box69d16ae0f3053\" class=\"pt_plus_info_box  info_box69d16ae0f3053 info-box-style_3     \"  data-id=\"info_box69d16ae0f3053\" ><div class=\"post-inner-loop \"><div class=\"info-box-inner content_hover_effect \"><div class=\"info-box-bg-box service-border-box \"><div class=\" info-box-content \"><div class=\"service-center\"><div class=\"info-icon-content\"><img decoding=async data-opt-id=1437066099  loading=\"lazy\" width=\"50\" height=\"51\" class=\"service-img tp-lazyload\" alt=\"\" data-tp-lazy=\"fade\" data-src=\"https:\/\/ml1oqobyznlb.i.optimole.com\/cb:H95B.159\/w:auto\/h:auto\/q:mauto\/f:best\/ig:avif\/https:\/\/makerox.com\/wp-content\/uploads\/2025\/12\/Meeting-Your-Physical-Needs-1.svg\" \/><noscript><img data-opt-id=1437066099  loading=\"lazy\" decoding=\"async\" width=\"50\" height=\"51\" src=\"https:\/\/ml1oqobyznlb.i.optimole.com\/cb:H95B.159\/w:auto\/h:auto\/q:mauto\/f:best\/ig:avif\/https:\/\/makerox.com\/wp-content\/uploads\/2025\/12\/Meeting-Your-Physical-Needs-1.svg\" class=\"service-img tp-lazyload\" alt=\"\" data-tp-lazy=\"fade\" \/><\/noscript><\/div><div class=\"service-border\"> <\/div><div class=\"service-desc\"> <p>Proposer des solutions adapt\u00e9es et mesurables<\/p> <\/div><\/div><\/div><div class=\"infobox-overlay-color\"><\/div><\/div><\/div><\/div><\/div>\t\t\t\t<\/div>\n\t\t\t\t<div class=\"elementor-element elementor-element-63a1b9e elementor-widget__width-initial elementor-widget elementor-widget-tp-info-box\" data-id=\"63a1b9e\" data-element_type=\"widget\" data-e-type=\"widget\" data-widget_type=\"tp-info-box.default\">\n\t\t\t\t\t<div id=\"info_box69d16ae0f39bd\" class=\"pt_plus_info_box  info_box69d16ae0f39bd info-box-style_3     \"  data-id=\"info_box69d16ae0f39bd\" ><div class=\"post-inner-loop \"><div class=\"info-box-inner content_hover_effect \"><div class=\"info-box-bg-box service-border-box \"><div class=\" info-box-content \"><div class=\"service-center\"><div class=\"info-icon-content\"><img decoding=async data-opt-id=808445320  loading=\"lazy\" width=\"50\" height=\"51\" class=\"service-img tp-lazyload\" alt=\"\" data-tp-lazy=\"fade\" data-src=\"https:\/\/ml1oqobyznlb.i.optimole.com\/cb:H95B.159\/w:auto\/h:auto\/q:mauto\/f:best\/ig:avif\/https:\/\/makerox.com\/wp-content\/uploads\/2025\/12\/Enjoy-Independent-Living-1.svg\" \/><noscript><img data-opt-id=808445320  loading=\"lazy\" decoding=\"async\" width=\"50\" height=\"51\" src=\"https:\/\/ml1oqobyznlb.i.optimole.com\/cb:H95B.159\/w:auto\/h:auto\/q:mauto\/f:best\/ig:avif\/https:\/\/makerox.com\/wp-content\/uploads\/2025\/12\/Enjoy-Independent-Living-1.svg\" class=\"service-img tp-lazyload\" alt=\"\" data-tp-lazy=\"fade\" \/><\/noscript><\/div><div class=\"service-border\"> <\/div><div class=\"service-desc\"> <p>Assurer un accompagnement continu, de la conception au support<\/p> <\/div><\/div><\/div><div class=\"infobox-overlay-color\"><\/div><\/div><\/div><\/div><\/div>\t\t\t\t<\/div>\n\t\t\t\t<\/div>\n\t\t\t\t<\/div>\n\t\t<div class=\"elementor-element elementor-element-6ffd0ab2 e-con-full e-flex e-con e-child\" data-id=\"6ffd0ab2\" data-element_type=\"container\" data-e-type=\"container\">\n\t\t<div class=\"elementor-element elementor-element-70fb6fb6 e-con-full e-flex e-con e-child\" data-id=\"70fb6fb6\" data-element_type=\"container\" data-e-type=\"container\">\n\t\t\t\t<div class=\"elementor-element elementor-element-52342ee2 elementor-widget elementor-widget-heading\" data-id=\"52342ee2\" data-element_type=\"widget\" data-e-type=\"widget\" data-widget_type=\"heading.default\">\n\t\t\t\t\t<h2 class=\"elementor-heading-title elementor-size-default\">\u2b50Pourquoi choisir Makerox ?<\/h2>\t\t\t\t<\/div>\n\t\t\t\t<div class=\"elementor-element elementor-element-e7353cf elementor-widget__width-initial elementor-widget elementor-widget-text-editor\" data-id=\"e7353cf\" data-element_type=\"widget\" data-e-type=\"widget\" data-widget_type=\"text-editor.default\">\n\t\t\t\t\t\t\t\t\t<p>Chez Makerox, nos valeurs guident chacune de nos actions :<\/p>\t\t\t\t\t\t\t\t<\/div>\n\t\t\t\t<div class=\"elementor-element elementor-element-1be9341 elementor-align-start elementor-widget__width-initial elementor-icon-list--layout-traditional elementor-list-item-link-full_width elementor-widget elementor-widget-icon-list\" data-id=\"1be9341\" data-element_type=\"widget\" data-e-type=\"widget\" data-widget_type=\"icon-list.default\">\n\t\t\t\t\t\t\t<ul class=\"elementor-icon-list-items\">\n\t\t\t\t\t\t\t<li class=\"elementor-icon-list-item\">\n\t\t\t\t\t\t\t\t\t\t\t<a href=\"#\">\n\n\t\t\t\t\t\t\t\t\t\t\t\t<span class=\"elementor-icon-list-icon\">\n\t\t\t\t\t\t\t<i aria-hidden=\"true\" class=\"fas fa-square-full\"><\/i>\t\t\t\t\t\t<\/span>\n\t\t\t\t\t\t\t\t\t\t<span class=\"elementor-icon-list-text\"><b><u>Qualit\u00e9 :<\/u> <\/b>excellence technique et rigueur dans chaque projet<\/span>\n\t\t\t\t\t\t\t\t\t\t\t<\/a>\n\t\t\t\t\t\t\t\t\t<\/li>\n\t\t\t\t\t\t\t\t<li class=\"elementor-icon-list-item\">\n\t\t\t\t\t\t\t\t\t\t\t<a href=\"#\">\n\n\t\t\t\t\t\t\t\t\t\t\t\t<span class=\"elementor-icon-list-icon\">\n\t\t\t\t\t\t\t<i aria-hidden=\"true\" class=\"fas fa-square-full\"><\/i>\t\t\t\t\t\t<\/span>\n\t\t\t\t\t\t\t\t\t\t<span class=\"elementor-icon-list-text\"><b>Transparence :<\/b> communication claire et honn\u00eate<\/span>\n\t\t\t\t\t\t\t\t\t\t\t<\/a>\n\t\t\t\t\t\t\t\t\t<\/li>\n\t\t\t\t\t\t\t\t<li class=\"elementor-icon-list-item\">\n\t\t\t\t\t\t\t\t\t\t\t<a href=\"#\">\n\n\t\t\t\t\t\t\t\t\t\t\t\t<span class=\"elementor-icon-list-icon\">\n\t\t\t\t\t\t\t<i aria-hidden=\"true\" class=\"fas fa-square-full\"><\/i>\t\t\t\t\t\t<\/span>\n\t\t\t\t\t\t\t\t\t\t<span class=\"elementor-icon-list-text\"><b><u>Engagement <\/u>:<\/b> implication totale aux c\u00f4t\u00e9s de nos clients<\/span>\n\t\t\t\t\t\t\t\t\t\t\t<\/a>\n\t\t\t\t\t\t\t\t\t<\/li>\n\t\t\t\t\t\t\t\t<li class=\"elementor-icon-list-item\">\n\t\t\t\t\t\t\t\t\t\t\t<a href=\"#\">\n\n\t\t\t\t\t\t\t\t\t\t\t\t<span class=\"elementor-icon-list-icon\">\n\t\t\t\t\t\t\t<i aria-hidden=\"true\" class=\"fas fa-square-full\"><\/i>\t\t\t\t\t\t<\/span>\n\t\t\t\t\t\t\t\t\t\t<span class=\"elementor-icon-list-text\"><b><u>Innovation :<\/u><\/b> solutions modernes et orient\u00e9es avenir<\/span>\n\t\t\t\t\t\t\t\t\t\t\t<\/a>\n\t\t\t\t\t\t\t\t\t<\/li>\n\t\t\t\t\t\t<\/ul>\n\t\t\t\t\t\t<\/div>\n\t\t\t\t<\/div>\n\t\t<div class=\"elementor-element elementor-element-3f98c729 e-con-full e-flex e-con e-child\" data-id=\"3f98c729\" data-element_type=\"container\" data-e-type=\"container\">\n\t\t\t\t<div class=\"elementor-element elementor-element-1b062a2a elementor-widget elementor-widget-image\" data-id=\"1b062a2a\" data-element_type=\"widget\" data-e-type=\"widget\" data-widget_type=\"image.default\">\n\t\t\t\t\t\t\t\t\t\t\t\t\t\t\t<img data-opt-id=1503471939  loading=\"lazy\" decoding=\"async\" width=\"404\" height=\"540\" src=\"https:\/\/ml1oqobyznlb.i.optimole.com\/cb:H95B.159\/w:auto\/h:auto\/q:mauto\/f:best\/https:\/\/makerox.com\/wp-content\/uploads\/2025\/12\/Hero-section.png\" class=\"attachment-large size-large wp-image-2856\" alt=\"\" srcset=\"https:\/\/ml1oqobyznlb.i.optimole.com\/cb:H95B.159\/w:404\/h:540\/q:mauto\/f:best\/https:\/\/makerox.com\/wp-content\/uploads\/2025\/12\/Hero-section.png 404w, https:\/\/ml1oqobyznlb.i.optimole.com\/cb:H95B.159\/w:224\/h:300\/q:mauto\/f:best\/https:\/\/makerox.com\/wp-content\/uploads\/2025\/12\/Hero-section.png 224w\" sizes=\"(max-width: 404px) 100vw, 404px\" \/>\t\t\t\t\t\t\t\t\t\t\t\t\t\t\t<\/div>\n\t\t\t\t<\/div>\n\t\t\t\t<\/div>\n\t\t<div class=\"elementor-element elementor-element-78a8f3c3 e-con-full e-flex e-con e-child\" data-id=\"78a8f3c3\" data-element_type=\"container\" data-e-type=\"container\">\n\t\t\t\t<div class=\"elementor-element elementor-element-7fdd4abd elementor-widget elementor-widget-heading\" data-id=\"7fdd4abd\" data-element_type=\"widget\" data-e-type=\"widget\" data-widget_type=\"heading.default\">\n\t\t\t\t\t<h3 class=\"elementor-heading-title elementor-size-default\">Travaillons ensemble<\/h3>\t\t\t\t<\/div>\n\t\t\t\t<div class=\"elementor-element elementor-element-6e833b8 elementor-widget elementor-widget-heading\" data-id=\"6e833b8\" data-element_type=\"widget\" data-e-type=\"widget\" data-widget_type=\"heading.default\">\n\t\t\t\t\t<h3 class=\"elementor-heading-title elementor-size-default\">\ud83d\udc49 <strong data-start=\"1896\" data-end=\"1951\">Pr\u00eat \u00e0 transformer votre projet en succ\u00e8s digital ?<\/strong><\/h3>\t\t\t\t<\/div>\n\t\t\t\t<div class=\"elementor-element elementor-element-3ad7073a elementor-widget__width-initial elementor-widget elementor-widget-text-editor\" data-id=\"3ad7073a\" data-element_type=\"widget\" data-e-type=\"widget\" data-widget_type=\"text-editor.default\">\n\t\t\t\t\t\t\t\t\t<p>Contactez-nous d\u00e8s aujourd\u2019hui et construisons ensemble des solutions performantes et durables.<\/p>\t\t\t\t\t\t\t\t<\/div>\n\t\t\t\t<div class=\"elementor-element elementor-element-481bc896 elementor-align-center elementor-mobile-align-center elementor-widget elementor-widget-button\" data-id=\"481bc896\" data-element_type=\"widget\" data-e-type=\"widget\" data-widget_type=\"button.default\">\n\t\t\t\t\t\t\t\t\t\t<a class=\"elementor-button elementor-button-link elementor-size-sm\" href=\"https:\/\/makerox.com\/index.php\/contact\/\">\n\t\t\t\t\t\t<span class=\"elementor-button-content-wrapper\">\n\t\t\t\t\t\t\t\t\t<span class=\"elementor-button-text\">Contactez-nous<\/span>\n\t\t\t\t\t<\/span>\n\t\t\t\t\t<\/a>\n\t\t\t\t\t\t\t\t<\/div>\n\t\t\t\t<\/div>\n\t\t\t\t<\/div>\n\t\t\t\t<\/div>\n\t\t\t\t<\/div>\n\t\t","protected":false},"excerpt":{"rendered":"<p>\u00c0 propos de nous Makerox est une soci\u00e9t\u00e9 sp\u00e9cialis\u00e9e dans la transformation digitale et les solutions IT pour les entreprises et les startups.Nous accompagnons nos clients dans la digitalisation de leurs processus gr\u00e2ce \u00e0 des solutions innovantes, fiables et sur mesure, adapt\u00e9es \u00e0 leurs besoins m\u00e9tiers. Notre objectif est de faire de la technologie un [&hellip;]<\/p>\n","protected":false},"author":1,"featured_media":0,"parent":0,"menu_order":0,"comment_status":"closed","ping_status":"closed","template":"","meta":{"_uag_custom_page_level_css":"","_themeisle_gutenberg_block_has_review":false,"footnotes":""},"class_list":["post-424","page","type-page","status-publish","hentry"],"uagb_featured_image_src":{"full":false,"thumbnail":false,"medium":false,"medium_large":false,"large":false,"1536x1536":false,"2048x2048":false,"tp-image-grid":false},"uagb_author_info":{"display_name":"admin2023","author_link":"https:\/\/makerox.com\/author\/admin2023\/"},"uagb_comment_info":0,"uagb_excerpt":"\u00c0 propos de nous Makerox est une soci\u00e9t\u00e9 sp\u00e9cialis\u00e9e dans la transformation digitale et les solutions IT pour les entreprises et les startups.Nous accompagnons nos clients dans la digitalisation de leurs processus gr\u00e2ce \u00e0 des solutions innovantes, fiables et sur mesure, adapt\u00e9es \u00e0 leurs besoins m\u00e9tiers. Notre objectif est de faire de la technologie un\u2026","_links":{"self":[{"href":"https:\/\/makerox.com\/index.php\/wp-json\/wp\/v2\/pages\/424","targetHints":{"allow":["GET"]}}],"collection":[{"href":"https:\/\/makerox.com\/index.php\/wp-json\/wp\/v2\/pages"}],"about":[{"href":"https:\/\/makerox.com\/index.php\/wp-json\/wp\/v2\/types\/page"}],"author":[{"embeddable":true,"href":"https:\/\/makerox.com\/index.php\/wp-json\/wp\/v2\/users\/1"}],"replies":[{"embeddable":true,"href":"https:\/\/makerox.com\/index.php\/wp-json\/wp\/v2\/comments?post=424"}],"version-history":[{"count":102,"href":"https:\/\/makerox.com\/index.php\/wp-json\/wp\/v2\/pages\/424\/revisions"}],"predecessor-version":[{"id":3785,"href":"https:\/\/makerox.com\/index.php\/wp-json\/wp\/v2\/pages\/424\/revisions\/3785"}],"wp:attachment":[{"href":"https:\/\/makerox.com\/index.php\/wp-json\/wp\/v2\/media?parent=424"}],"curies":[{"name":"wp","href":"https:\/\/api.w.org\/{rel}","templated":true}]}}